{"id":1648,"date":"2023-03-16T13:53:41","date_gmt":"2023-03-16T13:53:41","guid":{"rendered":"https:\/\/tecnologia.vamtam.com\/?page_id=1648"},"modified":"2025-04-20T16:53:41","modified_gmt":"2025-04-20T14:53:41","slug":"politica-privacidad","status":"publish","type":"page","link":"https:\/\/tedra.com\/es\/politica-privacidad\/","title":{"rendered":"Pol\u00edtica de privacidad"},"content":{"rendered":"\t\t<div data-elementor-type=\"wp-page\" data-elementor-id=\"1648\" class=\"elementor elementor-1648\" data-elementor-post-type=\"page\">\n\t\t\t\t\t\t<section class=\"elementor-section elementor-top-section elementor-element elementor-element-6c5644c elementor-section-boxed elementor-section-height-default elementor-section-height-default\" data-id=\"6c5644c\" data-element_type=\"section\">\n\t\t\t\t\t\t<div class=\"elementor-container elementor-column-gap-default\">\n\t\t\t\t\t<div class=\"elementor-column elementor-col-100 elementor-top-column elementor-element elementor-element-759c98e\" data-id=\"759c98e\" data-element_type=\"column\">\n\t\t\t<div class=\"elementor-widget-wrap elementor-element-populated\">\n\t\t\t\t\t\t<div class=\"elementor-element elementor-element-9af75f0 animated-slow elementor-invisible elementor-widget elementor-widget-heading\" data-id=\"9af75f0\" data-element_type=\"widget\" data-settings=\"{&quot;_animation&quot;:&quot;fadeIn&quot;,&quot;_animation_tablet&quot;:&quot;none&quot;}\" data-widget_type=\"heading.default\">\n\t\t\t\t<div class=\"elementor-widget-container\">\n\t\t\t\t\t<h1 class=\"elementor-heading-title elementor-size-default\">Pol\u00edtica de privacidad<\/h1>\t\t\t\t<\/div>\n\t\t\t\t<\/div>\n\t\t\t\t<div class=\"elementor-element elementor-element-88a728c animated-slow elementor-invisible elementor-widget elementor-widget-heading\" data-id=\"88a728c\" data-element_type=\"widget\" data-settings=\"{&quot;_animation&quot;:&quot;fadeIn&quot;,&quot;_animation_tablet&quot;:&quot;none&quot;,&quot;_animation_delay&quot;:300}\" data-widget_type=\"heading.default\">\n\t\t\t\t<div class=\"elementor-widget-container\">\n\t\t\t\t\t<p class=\"elementor-heading-title elementor-size-default\">TEDRA HOLDING SPAIN SL - TEDRA GLOBAL SOLUTIONS SL<\/p>\t\t\t\t<\/div>\n\t\t\t\t<\/div>\n\t\t\t\t<div class=\"elementor-element elementor-element-31a03c4 elementor-widget elementor-widget-spacer\" data-id=\"31a03c4\" data-element_type=\"widget\" data-widget_type=\"spacer.default\">\n\t\t\t\t<div class=\"elementor-widget-container\">\n\t\t\t\t\t\t\t<div class=\"elementor-spacer\">\n\t\t\t<div class=\"elementor-spacer-inner\"><\/div>\n\t\t<\/div>\n\t\t\t\t\t\t<\/div>\n\t\t\t\t<\/div>\n\t\t\t\t\t<\/div>\n\t\t<\/div>\n\t\t\t\t\t<\/div>\n\t\t<\/section>\n\t\t\t\t<section class=\"elementor-section elementor-top-section elementor-element elementor-element-1fcb2d8 elementor-section-boxed elementor-section-height-default elementor-section-height-default\" data-id=\"1fcb2d8\" data-element_type=\"section\">\n\t\t\t\t\t\t<div class=\"elementor-container elementor-column-gap-no\">\n\t\t\t\t\t<div class=\"elementor-column elementor-col-100 elementor-top-column elementor-element elementor-element-5923213\" data-id=\"5923213\" data-element_type=\"column\">\n\t\t\t<div class=\"elementor-widget-wrap elementor-element-populated\">\n\t\t\t\t\t\t<div class=\"elementor-element elementor-element-8e26509 elementor-widget elementor-widget-heading\" data-id=\"8e26509\" data-element_type=\"widget\" data-widget_type=\"heading.default\">\n\t\t\t\t<div class=\"elementor-widget-container\">\n\t\t\t\t\t<h3 class=\"elementor-heading-title elementor-size-default\">POL\u00cdTICA DE PRIVACIDAD EN BASE AL REGLAMENTO GENERAL DE PROTECCI\u00d3N DE DATOS Y LA LEY 3\/2018\nDE 5 DE DICIEMBRE LOPD-GDD.<\/h3>\t\t\t\t<\/div>\n\t\t\t\t<\/div>\n\t\t\t\t<div class=\"elementor-element elementor-element-d10225c elementor-widget elementor-widget-text-editor\" data-id=\"d10225c\" data-element_type=\"widget\" data-widget_type=\"text-editor.default\">\n\t\t\t\t<div class=\"elementor-widget-container\">\n\t\t\t\t\t\t\t\t\t<p>La siguiente pol\u00edtica de privacidad se ha realizado siguiendo los principios de licitud, lealtad y transparencia incluidos en el Reglamento General de Protecci\u00f3n de Datos. Se revisar\u00e1 peri\u00f3dicamente para mejorarla y ampliarla si fuera necesario.<\/p><p><b>INFORMACI\u00d3N B\u00c1SICA SOBRE PROTECCI\u00d3N DE DATOS Y PRIVACIDAD<\/b>\u00a0<\/p><p>En cumplimiento de lo establecido en la normativa europea y espa\u00f1ola de protecci\u00f3n de datos, a continuaci\u00f3n le facilitamos informaci\u00f3n relativa al uso de sus datos personales en su condici\u00f3n de usuario de esta web y en su caso, seguidor de nuestros perfiles en diferentes redes sociales. \u00bfQui\u00e9n es el Responsable del tratamiento de los datos personales de los usuarios de esta web?<br \/>El Responsable es TEDRA HOLDING SPAIN S.L., con CIF B24698391, domicilio C\/ La Cepeda, 10 de Le\u00f3n y direcci\u00f3n electr\u00f3nica administracion@tedra.com De igual modo, informamos que perteneciendo esta entidad a un grupo empresarial y seg\u00fan lo establecido en el Considerando 48 del RGPD, sus datos personales como usuario de esta web, pueden tratarse tambi\u00e9n por TEDRA GLOBLAL SOLUTIONS S.L. , con CIF B27436351 y direcci\u00f3n electr\u00f3nica administracion@tedra.com empresa perteneciente al Grupo. La comunicaci\u00f3n de datos entre ambas entidades es un requisito contractual y encuentra su base legitimadora en el inter\u00e9s leg\u00edtimo del Responsable, concretamente en fines administrativos internos que posibiliten al titular de los datos personales la contrataci\u00f3n de servicios desde cualquiera de las entidades que forman parte del Grupo Empresarial.<br \/>As\u00ed mismo, informamos que ambas entidades tratar\u00e1n los datos suministrados a trav\u00e9s de este sitio web en calidad de RESPONSABLES y los datos personales de los seguidores en redes sociales como CORRESPONSABLES de la respectiva Red Social. De acuerdo con lo establecido en la normativa europea de Protecci\u00f3n de datos personales, garantizamos la protecci\u00f3n, confidencialidad y seguridad de los datos personales recabados.<\/p><p><b>\u00bfSe ha designado un Delegado de Protecci\u00f3n de Datos?<\/b><\/p><p>Debido a nuestra pol\u00edtica proactiva en materia de protecci\u00f3n de datos y privacidad, TEDRA GLOBAL SOLUTIONS S.L. ha designado un Delegado de Protecci\u00f3n de Datos: Prodafor Consultor\u00eda con direcci\u00f3n electr\u00f3nica prodafor@prodafor.es\u00a0<\/p><p><b>\u00bfQu\u00e9 datos personales trataremos y cu\u00e1l es la obligatoriedad a suministrarlos?\u00a0<\/b><\/p><p>Siguiendo los principios de minimizaci\u00f3n de datos, proporcionalidad y privacidad por defecto, \u00fanicamente solicitaremos los datos necesarios para llevar a cabo la finalidad para la cual se han recabado, de manera que s\u00f3lo solicitaremos datos proporcionales y no excesivos.<\/p><p>Durante la navegaci\u00f3n recabamos su IP o ID de dispositivo.\u00a0<\/p><p>Si desea realizar una consulta o solicitar informaci\u00f3n a trav\u00e9s del formulario de contacto, trataremos sus datos identificativos (nombre, apellidos, direcci\u00f3n electr\u00f3nica y tel\u00e9fono). La no cumplimentaci\u00f3n de todos los datos por parte del visitante web en dicho formulario o el suministro de datos incorrectos, impedir\u00e1 que podamos atender su solicitud, sin perjuicio de que pueda visualizar libremente el contenido del sitio.\u00a0<\/p><p>Respecto a nuestras p\u00e1ginas de fans en distintas redes sociales, seguiremos id\u00e9ntico criterio, tratando \u00fanicamente los datos limitados a la finalidad espec\u00edfica para la que se recaban. Advertimos adem\u00e1s, que el seguidor debe haber alcanzado la edad m\u00ednima de 14 a\u00f1os para poder hacer uso de las redes sociales.\u00a0<\/p><p><b>\u00bfCon qu\u00e9 finalidad trataremos sus datos personales?\u00a0<\/b><\/p><p>Se informa a los visitantes de esta web, que sus datos ser\u00e1n tratados con las siguientes finalidades:<\/p><p>1. Gesti\u00f3n de consultas formuladas a trav\u00e9s de la web. Realizaremos los tratamientos de datos necesarios con la finalidad de responder a su solicitud de informaci\u00f3n, comunicaciones, consultas y cumplimientos legales.<br \/>2. Gesti\u00f3n de la navegaci\u00f3n del usuario a trav\u00e9s de la web (tratamiento de datos de cookies) sus datos se tratar\u00e1n conforme a la pol\u00edtica de cookies disponible en esta p\u00e1gina y las finalidades especificadas en la misma. Puede consultar dicha pol\u00edtica\u00a0<a href=\"https:\/\/tedra.com\/es\/politica-de-cookies\/\" target=\"_blank\" rel=\"noopener\">aqu\u00ed<\/a>.<br \/>3. Redes Sociales. Realizaremos los tratamientos de datos necesarios para difundir informaci\u00f3n sobre las actividades y proyectos desarrolladas por la Entidad .<br \/>4. Control inform\u00e1tico de la p\u00e1gina web. Realizaremos actuaciones de control del uso de la p\u00e1gina web para prevenir y detectar cualquier utilizaci\u00f3n indebida.\u00a0<\/p><p><b>\u00bfCon qu\u00e9 Legitimaci\u00f3n tratamos sus datos personales?<\/b><\/p><p>La base jur\u00eddica de licitud o legitimaci\u00f3n del tratamiento de los datos personales de los visitantes de esta web, puede ser una o varias de las siguientes:<\/p><p>\u2022 Formulario de contacto: El consentimiento otorgado por Ud. para uno o varios fines espec\u00edficos, mediante la marcaci\u00f3n de la casilla correspondiente habilitada al pie del mismo. Los formularios utilizados por este sitio web cuentan con checkbox de aceptaci\u00f3n, de manera que si el usuario no lo marca, no podr\u00e1 enviar su informaci\u00f3n personal.<\/p><p>\u2022 La ejecuci\u00f3n de un contrato o aplicaci\u00f3n de medidas precontractuales, si a trav\u00e9s del men\u00fa disponible en este sitio web, se convierte en cliente o cliente potencial de nuestra entidad (Art\u00edculo 6.1.b del RGPD), as\u00ed como el cumplimiento de obligaciones legales exigibles a TEDRA HOLDING SPAIN S.L. y TEDRA GLOBLAL SOLUTIONS SL (Art\u00cdculo 6.1.c RGPD).<\/p><p>\u2022 El inter\u00e9s leg\u00edtimo en efectuar, por ejemplo, encuestas de satisfacci\u00f3n, destinadas a valorar la calidad o servicios ofrecidos por esta entidad o el env\u00edo de informaci\u00f3n relativa a \u00e9stos.\u00a0<\/p><p>En los casos en que el tratamiento de datos personales se legitime en el consentimiento del usuario, se informa que puede desde el momento de la introducci\u00f3n de los mismos y en cualquier otro posterior, retirar el consentimiento otorgado para el tratamiento de sus datos, mediante comunicaci\u00f3n dirigida a administracion@tedra.com el cual no tendr\u00e1 en ning\u00fan caso efectos retroactivos.<\/p><p>En cuanto al tratamiento de datos en Redes Sociales, la BASE JUR\u00cdDICA que legitima el tratamiento de sus datos personales es el consentimiento que otorga al seguir nuestra p\u00e1gina de fans, por el cual autoriza que tratemos sus datos como Corresponsables de la red social. Si no desea consentir el tratamiento de sus datos, debe abstenerse de seguir nuestra p\u00e1gina de fans, por tanto tiene libertad para decidir y consentir el uso y tratamiento de sus datos personales.\u00a0<\/p><p><b>\u00bfLe enviaremos comunicaciones comerciales?\u00a0<\/b><\/p><p>Solamente si contamos con su consentimiento expreso, le remitiremos comunicaciones relativas a nuestros actividades, a trav\u00e9s de correo postal y por medios electr\u00f3nicos (e-mail, SMS) en base al consentimiento solicitado por la Entidad y otorgado por el usuario previamente. De no contar con su consentimiento expreso, en ning\u00fan caso le remitiremos dichas comunicaciones, salvo que se convierta en cliente de nuestra entidad y se encuentre en alguno de los supuestos recogidos en la LSSICE. As\u00ed mismo, le informamos que de haber otorgado su consentimiento para recibir dichas comunicaciones, el mismo podr\u00e1 retirarse sin que produzca efectos retroactivos, dirigi\u00e9ndose a la direcci\u00f3n postal de la Entidad que figura en este sitio web y a trav\u00e9s del mail: administracion@tedra.com\u00a0<\/p><p><b>\u00bfPor cu\u00e1nto tiempo conservaremos sus datos?<\/b><\/p><p>Los datos personales proporcionados se conservar\u00e1n durante el tiempo necesario para cumplir con la finalidad para la que se recaban y para determinar las posibles responsabilidades que se pudieran derivar de la finalidad, adem\u00e1s de los per\u00edodos establecidos en la normativa. No obstante, incluso solicitada la supresi\u00f3n, se mantendr\u00e1n bloqueados durante el tiempo necesario, y limitando su tratamiento, \u00fanicamente para alguno de estos supuestos: cumplir con las obligaciones legales\/contractuales de cualquier tipo a que estemos sometidos y\/o durante los plazos legales previstos para la prescripci\u00f3n de cualesquiera responsabilidades por nuestra parte y\/o el ejercicio o la defensa de reclamaciones derivadas de la relaci\u00f3n mantenida con el titular de los datos.<br \/>Para los formularios web nuestro plazo m\u00e1ximo de conservaci\u00f3n es de 1 a\u00f1o.\u00a0<\/p><p><b>\u00bfA qui\u00e9nes comunicaremos sus datos?<\/b><\/p><p>Los datos personales no ser\u00e1n cedidos o comunicados a terceros, salvo en los supuestos necesarios para el desarrollo, control y cumplimiento de la finalidad\/es expresada\/s, as\u00ed como en los supuestos previstos, seg\u00fan Ley. No obstante, sus datos pueden comunicarse a nuestros proveedores de hosting y de servicios tecnol\u00f3gicos.<br \/>Respecto al tratamiento de sus datos personales en diferentes redes sociales, le informamos que pueden transferirse a otros pa\u00edses por lo que aconsejamos a nuestros seguidores que consulten las pol\u00edticas sobre el tratamiento de datos personales de la respectiva red social.\u00a0<\/p><p><b>\u00bfC\u00f3mo hemos obtenido tus datos?\u00a0<\/b><\/p><p>Los datos personales se han obtenido a trav\u00e9s del formulario de contacto habilitado en esta sitio web o a trav\u00e9s de la navegaci\u00f3n.<\/p><p><b>\u00a0\u00bfCu\u00e1les son sus derechos en protecci\u00f3n de datos?<\/b><\/p><p>La normativa de protecci\u00f3n de datos permite que pueda ejercer ante el responsable del tratamiento, los derechos de acceso, rectificaci\u00f3n, oposici\u00f3n, portabilidad, supresi\u00f3n (\u201cderecho al olvido\u201d), limitaci\u00f3n del tratamiento y de no ser objeto de decisiones individualizadas, de conformidad con el Reglamento (UE) 2016\/679, del Parlamento Europeo y del Consejo, de 27 de abril de 2016 relativo a la protecci\u00f3n de las personas f\u00edsicas en lo que respecta al tratamiento de datos personales y a la libre circulaci\u00f3n de estos datos y por el que se deroga la Directiva 95\/46\/CE (Reglamento general de Protecci\u00f3n de datos( RGPD\u201d) y Ley Org\u00e1nica 3\/2018, de 5 de diciembre, de Protecci\u00f3n de Datos Personales y garant\u00eda de los derechos digitales (LOPD-GDD). Para ello, puede dirigirse a la direcci\u00f3n electr\u00f3nica del Responsable administracion@tedra.com De igual modo, tiene derecho a presentar reclamaci\u00f3n ante la Agencia Espa\u00f1ola de Protecci\u00f3n de Datos si considera que se han vulnerado sus derechos en materia de protecci\u00f3n de datos personales.<\/p>\t\t\t\t\t\t\t\t<\/div>\n\t\t\t\t<\/div>\n\t\t\t\t\t<\/div>\n\t\t<\/div>\n\t\t\t\t\t<\/div>\n\t\t<\/section>\n\t\t\t\t<\/div>\n\t\t","protected":false},"excerpt":{"rendered":"<p>Pol\u00edtica de privacidad TEDRA HOLDING SPAIN SL &#8211; TEDRA GLOBAL SOLUTIONS SL POL\u00cdTICA DE PRIVACIDAD EN BASE AL REGLAMENTO GENERAL DE PROTECCI\u00d3N DE DATOS Y LA LEY 3\/2018 DE 5 DE DICIEMBRE LOPD-GDD. La siguiente pol\u00edtica de privacidad se ha realizado siguiendo los principios de licitud, lealtad y transparencia incluidos en el Reglamento General de&#8230;<\/p>\n","protected":false},"author":1,"featured_media":0,"parent":0,"menu_order":0,"comment_status":"closed","ping_status":"closed","template":"","meta":{"_monsterinsights_skip_tracking":false,"_monsterinsights_sitenote_active":false,"_monsterinsights_sitenote_note":"","_monsterinsights_sitenote_category":0,"footnotes":""},"class_list":["post-1648","page","type-page","status-publish","hentry"],"yoast_head":"<!-- This site is optimized with the Yoast SEO Premium plugin v25.9 (Yoast SEO v25.9) - https:\/\/yoast.com\/wordpress\/plugins\/seo\/ -->\n<title>Pol\u00edtica de privacidad - Tedra - Arquitectos de tranquilidad tecnol\u00f3gica<\/title>\n<meta name=\"robots\" content=\"index, follow, max-snippet:-1, max-image-preview:large, max-video-preview:-1\" \/>\n<link rel=\"canonical\" href=\"https:\/\/tedra.com\/es\/politica-privacidad\/\" \/>\n<meta property=\"og:locale\" content=\"es_ES\" \/>\n<meta property=\"og:type\" content=\"article\" \/>\n<meta property=\"og:title\" content=\"Pol\u00edtica de privacidad\" \/>\n<meta property=\"og:description\" content=\"Pol\u00edtica de privacidad TEDRA HOLDING SPAIN SL &#8211; TEDRA GLOBAL SOLUTIONS SL POL\u00cdTICA DE PRIVACIDAD EN BASE AL REGLAMENTO GENERAL DE PROTECCI\u00d3N DE DATOS Y LA LEY 3\/2018 DE 5 DE DICIEMBRE LOPD-GDD. La siguiente pol\u00edtica de privacidad se ha realizado siguiendo los principios de licitud, lealtad y transparencia incluidos en el Reglamento General de...\" \/>\n<meta property=\"og:url\" content=\"https:\/\/tedra.com\/es\/politica-privacidad\/\" \/>\n<meta property=\"og:site_name\" content=\"Tedra - Arquitectos de tranquilidad tecnol\u00f3gica\" \/>\n<meta property=\"article:publisher\" content=\"https:\/\/www.facebook.com\/tedragroup\" \/>\n<meta property=\"article:modified_time\" content=\"2025-04-20T14:53:41+00:00\" \/>\n<meta name=\"twitter:card\" content=\"summary_large_image\" \/>\n<meta name=\"twitter:label1\" content=\"Tiempo de lectura\" \/>\n\t<meta name=\"twitter:data1\" content=\"7 minutos\" \/>\n<script type=\"application\/ld+json\" class=\"yoast-schema-graph\">{\"@context\":\"https:\/\/schema.org\",\"@graph\":[{\"@type\":\"WebPage\",\"@id\":\"https:\/\/tedra.com\/es\/politica-privacidad\/\",\"url\":\"https:\/\/tedra.com\/es\/politica-privacidad\/\",\"name\":\"Pol\u00edtica de privacidad - Tedra - Arquitectos de tranquilidad tecnol\u00f3gica\",\"isPartOf\":{\"@id\":\"https:\/\/tedra.com\/es\/#website\"},\"datePublished\":\"2023-03-16T13:53:41+00:00\",\"dateModified\":\"2025-04-20T14:53:41+00:00\",\"breadcrumb\":{\"@id\":\"https:\/\/tedra.com\/es\/politica-privacidad\/#breadcrumb\"},\"inLanguage\":\"es\",\"potentialAction\":[{\"@type\":\"ReadAction\",\"target\":[\"https:\/\/tedra.com\/es\/politica-privacidad\/\"]}]},{\"@type\":\"BreadcrumbList\",\"@id\":\"https:\/\/tedra.com\/es\/politica-privacidad\/#breadcrumb\",\"itemListElement\":[{\"@type\":\"ListItem\",\"position\":1,\"name\":\"Portada\",\"item\":\"https:\/\/tedra.com\/es\/\"},{\"@type\":\"ListItem\",\"position\":2,\"name\":\"Pol\u00edtica de privacidad\"}]},{\"@type\":\"WebSite\",\"@id\":\"https:\/\/tedra.com\/es\/#website\",\"url\":\"https:\/\/tedra.com\/es\/\",\"name\":\"Tedra - Arquitectos de tranquilidad tecnol\u00f3gica\",\"description\":\"\",\"publisher\":{\"@id\":\"https:\/\/tedra.com\/es\/#organization\"},\"potentialAction\":[{\"@type\":\"SearchAction\",\"target\":{\"@type\":\"EntryPoint\",\"urlTemplate\":\"https:\/\/tedra.com\/es\/?s={search_term_string}\"},\"query-input\":{\"@type\":\"PropertyValueSpecification\",\"valueRequired\":true,\"valueName\":\"search_term_string\"}}],\"inLanguage\":\"es\"},{\"@type\":\"Organization\",\"@id\":\"https:\/\/tedra.com\/es\/#organization\",\"name\":\"Tedra - Arquitectos de tranquilidad tecnol\u00f3gica\",\"url\":\"https:\/\/tedra.com\/es\/\",\"logo\":{\"@type\":\"ImageObject\",\"inLanguage\":\"es\",\"@id\":\"https:\/\/tedra.com\/es\/#\/schema\/logo\/image\/\",\"url\":\"https:\/\/tedra.com\/wp-content\/uploads\/2023\/03\/logotipo_tedra_retina2x_color.png\",\"contentUrl\":\"https:\/\/tedra.com\/wp-content\/uploads\/2023\/03\/logotipo_tedra_retina2x_color.png\",\"width\":1638,\"height\":406,\"caption\":\"Tedra - Arquitectos de tranquilidad tecnol\u00f3gica\"},\"image\":{\"@id\":\"https:\/\/tedra.com\/es\/#\/schema\/logo\/image\/\"},\"sameAs\":[\"https:\/\/www.facebook.com\/tedragroup\"]}]}<\/script>\n<!-- \/ Yoast SEO Premium plugin. -->","yoast_head_json":{"title":"Pol\u00edtica de privacidad - Tedra - Arquitectos de tranquilidad tecnol\u00f3gica","robots":{"index":"index","follow":"follow","max-snippet":"max-snippet:-1","max-image-preview":"max-image-preview:large","max-video-preview":"max-video-preview:-1"},"canonical":"https:\/\/tedra.com\/es\/politica-privacidad\/","og_locale":"es_ES","og_type":"article","og_title":"Pol\u00edtica de privacidad","og_description":"Pol\u00edtica de privacidad TEDRA HOLDING SPAIN SL &#8211; TEDRA GLOBAL SOLUTIONS SL POL\u00cdTICA DE PRIVACIDAD EN BASE AL REGLAMENTO GENERAL DE PROTECCI\u00d3N DE DATOS Y LA LEY 3\/2018 DE 5 DE DICIEMBRE LOPD-GDD. La siguiente pol\u00edtica de privacidad se ha realizado siguiendo los principios de licitud, lealtad y transparencia incluidos en el Reglamento General de...","og_url":"https:\/\/tedra.com\/es\/politica-privacidad\/","og_site_name":"Tedra - Arquitectos de tranquilidad tecnol\u00f3gica","article_publisher":"https:\/\/www.facebook.com\/tedragroup","article_modified_time":"2025-04-20T14:53:41+00:00","twitter_card":"summary_large_image","twitter_misc":{"Tiempo de lectura":"7 minutos"},"schema":{"@context":"https:\/\/schema.org","@graph":[{"@type":"WebPage","@id":"https:\/\/tedra.com\/es\/politica-privacidad\/","url":"https:\/\/tedra.com\/es\/politica-privacidad\/","name":"Pol\u00edtica de privacidad - Tedra - Arquitectos de tranquilidad tecnol\u00f3gica","isPartOf":{"@id":"https:\/\/tedra.com\/es\/#website"},"datePublished":"2023-03-16T13:53:41+00:00","dateModified":"2025-04-20T14:53:41+00:00","breadcrumb":{"@id":"https:\/\/tedra.com\/es\/politica-privacidad\/#breadcrumb"},"inLanguage":"es","potentialAction":[{"@type":"ReadAction","target":["https:\/\/tedra.com\/es\/politica-privacidad\/"]}]},{"@type":"BreadcrumbList","@id":"https:\/\/tedra.com\/es\/politica-privacidad\/#breadcrumb","itemListElement":[{"@type":"ListItem","position":1,"name":"Portada","item":"https:\/\/tedra.com\/es\/"},{"@type":"ListItem","position":2,"name":"Pol\u00edtica de privacidad"}]},{"@type":"WebSite","@id":"https:\/\/tedra.com\/es\/#website","url":"https:\/\/tedra.com\/es\/","name":"Tedra - Arquitectos de tranquilidad tecnol\u00f3gica","description":"","publisher":{"@id":"https:\/\/tedra.com\/es\/#organization"},"potentialAction":[{"@type":"SearchAction","target":{"@type":"EntryPoint","urlTemplate":"https:\/\/tedra.com\/es\/?s={search_term_string}"},"query-input":{"@type":"PropertyValueSpecification","valueRequired":true,"valueName":"search_term_string"}}],"inLanguage":"es"},{"@type":"Organization","@id":"https:\/\/tedra.com\/es\/#organization","name":"Tedra - Arquitectos de tranquilidad tecnol\u00f3gica","url":"https:\/\/tedra.com\/es\/","logo":{"@type":"ImageObject","inLanguage":"es","@id":"https:\/\/tedra.com\/es\/#\/schema\/logo\/image\/","url":"https:\/\/tedra.com\/wp-content\/uploads\/2023\/03\/logotipo_tedra_retina2x_color.png","contentUrl":"https:\/\/tedra.com\/wp-content\/uploads\/2023\/03\/logotipo_tedra_retina2x_color.png","width":1638,"height":406,"caption":"Tedra - Arquitectos de tranquilidad tecnol\u00f3gica"},"image":{"@id":"https:\/\/tedra.com\/es\/#\/schema\/logo\/image\/"},"sameAs":["https:\/\/www.facebook.com\/tedragroup"]}]}},"_links":{"self":[{"href":"https:\/\/tedra.com\/es\/wp-json\/wp\/v2\/pages\/1648","targetHints":{"allow":["GET"]}}],"collection":[{"href":"https:\/\/tedra.com\/es\/wp-json\/wp\/v2\/pages"}],"about":[{"href":"https:\/\/tedra.com\/es\/wp-json\/wp\/v2\/types\/page"}],"author":[{"embeddable":true,"href":"https:\/\/tedra.com\/es\/wp-json\/wp\/v2\/users\/1"}],"replies":[{"embeddable":true,"href":"https:\/\/tedra.com\/es\/wp-json\/wp\/v2\/comments?post=1648"}],"version-history":[{"count":29,"href":"https:\/\/tedra.com\/es\/wp-json\/wp\/v2\/pages\/1648\/revisions"}],"predecessor-version":[{"id":990164,"href":"https:\/\/tedra.com\/es\/wp-json\/wp\/v2\/pages\/1648\/revisions\/990164"}],"wp:attachment":[{"href":"https:\/\/tedra.com\/es\/wp-json\/wp\/v2\/media?parent=1648"}],"curies":[{"name":"wp","href":"https:\/\/api.w.org\/{rel}","templated":true}]}}