{"id":93,"date":"2023-03-09T12:54:22","date_gmt":"2023-03-09T12:54:22","guid":{"rendered":"https:\/\/tecnologia.vamtam.com\/?page_id=93"},"modified":"2024-09-20T11:12:51","modified_gmt":"2024-09-20T09:12:51","slug":"blog","status":"publish","type":"page","link":"https:\/\/tedra.com\/es\/blog\/","title":{"rendered":"Blog"},"content":{"rendered":"\t\t<div data-elementor-type=\"wp-page\" data-elementor-id=\"93\" class=\"elementor elementor-93\" data-elementor-post-type=\"page\">\n\t\t\t\t\t\t<section class=\"elementor-section elementor-top-section elementor-element elementor-element-46b242f elementor-section-boxed elementor-section-height-default elementor-section-height-default\" data-id=\"46b242f\" data-element_type=\"section\">\n\t\t\t\t\t\t<div class=\"elementor-container elementor-column-gap-default\">\n\t\t\t\t\t<div class=\"elementor-column elementor-col-100 elementor-top-column elementor-element elementor-element-d8eccda\" data-id=\"d8eccda\" data-element_type=\"column\">\n\t\t\t<div class=\"elementor-widget-wrap elementor-element-populated\">\n\t\t\t\t\t\t<div class=\"elementor-element elementor-element-ed7d10e animated-slow elementor-invisible elementor-widget elementor-widget-heading\" data-id=\"ed7d10e\" data-element_type=\"widget\" data-settings=\"{&quot;_animation&quot;:&quot;fadeIn&quot;,&quot;_animation_tablet&quot;:&quot;none&quot;}\" data-widget_type=\"heading.default\">\n\t\t\t\t<div class=\"elementor-widget-container\">\n\t\t\t\t\t<h1 class=\"elementor-heading-title elementor-size-default\">El blog de Tedra<\/h1>\t\t\t\t<\/div>\n\t\t\t\t<\/div>\n\t\t\t\t<div class=\"elementor-element elementor-element-d56525c animated-slow elementor-invisible elementor-widget elementor-widget-heading\" data-id=\"d56525c\" data-element_type=\"widget\" data-settings=\"{&quot;_animation&quot;:&quot;fadeIn&quot;,&quot;_animation_tablet&quot;:&quot;none&quot;,&quot;_animation_delay&quot;:300}\" data-widget_type=\"heading.default\">\n\t\t\t\t<div class=\"elementor-widget-container\">\n\t\t\t\t\t<p class=\"elementor-heading-title elementor-size-default\">Nuestro blog oficial donde hablamos de las \u00faltimas noticias, avances y curiosidades de la tecnolog\u00eda. Let\u00b4s Make I.T Happen <\/p>\t\t\t\t<\/div>\n\t\t\t\t<\/div>\n\t\t\t\t<div class=\"elementor-element elementor-element-5940b8c elementor-widget elementor-widget-spacer\" data-id=\"5940b8c\" data-element_type=\"widget\" data-widget_type=\"spacer.default\">\n\t\t\t\t<div class=\"elementor-widget-container\">\n\t\t\t\t\t\t\t<div class=\"elementor-spacer\">\n\t\t\t<div class=\"elementor-spacer-inner\"><\/div>\n\t\t<\/div>\n\t\t\t\t\t\t<\/div>\n\t\t\t\t<\/div>\n\t\t\t\t\t<\/div>\n\t\t<\/div>\n\t\t\t\t\t<\/div>\n\t\t<\/section>\n\t\t\t\t<section class=\"elementor-section elementor-top-section elementor-element elementor-element-72da99b elementor-section-boxed elementor-section-height-default elementor-section-height-default\" data-id=\"72da99b\" data-element_type=\"section\">\n\t\t\t\t\t\t<div class=\"elementor-container elementor-column-gap-no\">\n\t\t\t\t\t<div class=\"elementor-column elementor-col-100 elementor-top-column elementor-element elementor-element-feb45fb\" data-id=\"feb45fb\" data-element_type=\"column\">\n\t\t\t<div class=\"elementor-widget-wrap elementor-element-populated\">\n\t\t\t\t\t\t<div class=\"vamtam-has-theme-widget-styles elementor-element elementor-element-53acb3b elementor-grid-tablet-3 elementor-grid-3 elementor-grid-mobile-1 elementor-posts--thumbnail-top elementor-widget elementor-widget-posts\" data-id=\"53acb3b\" data-element_type=\"widget\" data-settings=\"{&quot;vamtam_classic_row_gap&quot;:{&quot;unit&quot;:&quot;px&quot;,&quot;size&quot;:40,&quot;sizes&quot;:[]},&quot;vamtam_classic_columns_tablet&quot;:&quot;3&quot;,&quot;vamtam_classic_row_gap_tablet&quot;:{&quot;unit&quot;:&quot;px&quot;,&quot;size&quot;:30,&quot;sizes&quot;:[]},&quot;vamtam_classic_columns&quot;:&quot;3&quot;,&quot;vamtam_classic_columns_mobile&quot;:&quot;1&quot;,&quot;vamtam_classic_row_gap_mobile&quot;:{&quot;unit&quot;:&quot;px&quot;,&quot;size&quot;:&quot;&quot;,&quot;sizes&quot;:[]}}\" data-widget_type=\"posts.vamtam_classic\">\n\t\t\t\t<div class=\"elementor-widget-container\">\n\t\t\t\t\t\t\t<div class=\"elementor-has-item-ratio elementor-posts-container elementor-posts elementor-posts--skin-vamtam_classic elementor-grid\" role=\"list\">\n\t\t\t\t<article class=\"elementor-post elementor-grid-item post-989575 post type-post status-publish format-standard has-post-thumbnail hentry category-sin-categorizar\" role=\"listitem\">\n\t\t\t\t<a class=\"elementor-post__thumbnail__link\" href=\"https:\/\/tedra.com\/es\/tedra-lanza-su-nueva-web\/\" tabindex=\"-1\" >\n\t\t\t<div class=\"elementor-post__thumbnail\"><img fetchpriority=\"high\" decoding=\"async\" width=\"1850\" height=\"1070\" src=\"https:\/\/tedra.com\/wp-content\/uploads\/2023\/03\/tedra-nueva-web.png\" class=\"attachment-full size-full wp-image-989567\" alt=\"tedra-nueva-web\" srcset=\"https:\/\/tedra.com\/wp-content\/uploads\/2023\/03\/tedra-nueva-web.png 1850w, https:\/\/tedra.com\/wp-content\/uploads\/2023\/03\/tedra-nueva-web-300x174.png 300w, https:\/\/tedra.com\/wp-content\/uploads\/2023\/03\/tedra-nueva-web-1024x592.png 1024w, https:\/\/tedra.com\/wp-content\/uploads\/2023\/03\/tedra-nueva-web-768x444.png 768w, https:\/\/tedra.com\/wp-content\/uploads\/2023\/03\/tedra-nueva-web-1536x888.png 1536w\" sizes=\"(max-width: 1850px) 100vw, 1850px\" \/><\/div>\n\t\t<\/a>\n\t\t\t\t\t<div class=\"elementor-post__meta-data\">\n\t\t\t\t\t\t\t<div class=\"vamtam-post__categories\">\n\t\t\t\t<a href=\"https:\/\/tedra.com\/en\/category\/sin-categorizar\/\" rel=\"category tag\">Sin categorizar<\/a>\t\t\t<\/div>\n\t\t\t\t\t\t<\/div>\n\t\t\t\t\t<div class=\"elementor-post__text\">\n\t\t\t\t<h3 class=\"elementor-post__title\">\n\t\t\t<a href=\"https:\/\/tedra.com\/es\/tedra-lanza-su-nueva-web\/\" >\n\t\t\t\tTedra lanza su nueva web\t\t\t<\/a>\n\t\t<\/h3>\n\t\t\t\t<div class=\"elementor-post__excerpt\">\n\t\t\t<p>La consultora tecnol\u00f3gica Tedra lanza su nueva web como reflejo de su crecimiento y evoluci\u00f3n tecnol\u00f3gica. <\/p>\n\t\t<\/div>\n\t\t\t\t\t<div class=\"elementor-post__read-more-wrapper\">\n\t\t\n\t\t<a class=\"elementor-post__read-more\" href=\"https:\/\/tedra.com\/es\/tedra-lanza-su-nueva-web\/\" aria-label=\"M\u00e1s informaci\u00f3n sobre Tedra lanza su nueva web\" tabindex=\"-1\" >\n\t\t\tRead More\t\t<\/a>\n\n\t\t\t\t\t<\/div>\n\t\t\t\t<\/div>\n\t\t\t\t<\/article>\n\t\t\t\t<\/div>\n\t\t\n\t\t\t\t\t\t<\/div>\n\t\t\t\t<\/div>\n\t\t\t\t\t<\/div>\n\t\t<\/div>\n\t\t\t\t\t<\/div>\n\t\t<\/section>\n\t\t\t\t<section class=\"elementor-section elementor-top-section elementor-element elementor-element-7f91b39 elementor-section-boxed elementor-section-height-default elementor-section-height-default\" data-id=\"7f91b39\" data-element_type=\"section\">\n\t\t\t\t\t\t<div class=\"elementor-container elementor-column-gap-no\">\n\t\t\t\t\t<div class=\"elementor-column elementor-col-100 elementor-top-column elementor-element elementor-element-a659707\" data-id=\"a659707\" data-element_type=\"column\">\n\t\t\t<div class=\"elementor-widget-wrap elementor-element-populated\">\n\t\t\t\t\t\t\t<\/div>\n\t\t<\/div>\n\t\t\t\t\t<\/div>\n\t\t<\/section>\n\t\t\t\t<\/div>\n\t\t","protected":false},"excerpt":{"rendered":"<p>El blog de Tedra Nuestro blog oficial donde hablamos de las \u00faltimas noticias, avances y curiosidades de la tecnolog\u00eda. Let\u00b4s Make I.T Happen<\/p>\n","protected":false},"author":1,"featured_media":0,"parent":0,"menu_order":0,"comment_status":"closed","ping_status":"closed","template":"","meta":{"_monsterinsights_skip_tracking":false,"_monsterinsights_sitenote_active":false,"_monsterinsights_sitenote_note":"","_monsterinsights_sitenote_category":0,"footnotes":""},"class_list":["post-93","page","type-page","status-publish","hentry"],"yoast_head":"<!-- This site is optimized with the Yoast SEO Premium plugin v25.9 (Yoast SEO v25.9) - https:\/\/yoast.com\/wordpress\/plugins\/seo\/ -->\n<title>Blog - Tedra - Arquitectos de tranquilidad tecnol\u00f3gica<\/title>\n<meta name=\"robots\" content=\"index, follow, max-snippet:-1, max-image-preview:large, max-video-preview:-1\" \/>\n<link rel=\"canonical\" href=\"https:\/\/tedra.com\/es\/blog\/\" \/>\n<meta property=\"og:locale\" content=\"es_ES\" \/>\n<meta property=\"og:type\" content=\"article\" \/>\n<meta property=\"og:title\" content=\"Blog\" \/>\n<meta property=\"og:description\" content=\"El blog de Tedra Nuestro blog oficial donde hablamos de las \u00faltimas noticias, avances y curiosidades de la tecnolog\u00eda. Let\u00b4s Make I.T Happen\" \/>\n<meta property=\"og:url\" content=\"https:\/\/tedra.com\/es\/blog\/\" \/>\n<meta property=\"og:site_name\" content=\"Tedra - Arquitectos de tranquilidad tecnol\u00f3gica\" \/>\n<meta property=\"article:publisher\" content=\"https:\/\/www.facebook.com\/tedragroup\" \/>\n<meta property=\"article:modified_time\" content=\"2024-09-20T09:12:51+00:00\" \/>\n<meta name=\"twitter:card\" content=\"summary_large_image\" \/>\n<meta name=\"twitter:label1\" content=\"Tiempo de lectura\" \/>\n\t<meta name=\"twitter:data1\" content=\"1 minuto\" \/>\n<script type=\"application\/ld+json\" class=\"yoast-schema-graph\">{\"@context\":\"https:\/\/schema.org\",\"@graph\":[{\"@type\":\"WebPage\",\"@id\":\"https:\/\/tedra.com\/es\/blog\/\",\"url\":\"https:\/\/tedra.com\/es\/blog\/\",\"name\":\"Blog - Tedra - Arquitectos de tranquilidad tecnol\u00f3gica\",\"isPartOf\":{\"@id\":\"https:\/\/tedra.com\/es\/#website\"},\"datePublished\":\"2023-03-09T12:54:22+00:00\",\"dateModified\":\"2024-09-20T09:12:51+00:00\",\"breadcrumb\":{\"@id\":\"https:\/\/tedra.com\/es\/blog\/#breadcrumb\"},\"inLanguage\":\"es\",\"potentialAction\":[{\"@type\":\"ReadAction\",\"target\":[\"https:\/\/tedra.com\/es\/blog\/\"]}]},{\"@type\":\"BreadcrumbList\",\"@id\":\"https:\/\/tedra.com\/es\/blog\/#breadcrumb\",\"itemListElement\":[{\"@type\":\"ListItem\",\"position\":1,\"name\":\"Portada\",\"item\":\"https:\/\/tedra.com\/es\/\"},{\"@type\":\"ListItem\",\"position\":2,\"name\":\"Blog\"}]},{\"@type\":\"WebSite\",\"@id\":\"https:\/\/tedra.com\/es\/#website\",\"url\":\"https:\/\/tedra.com\/es\/\",\"name\":\"Tedra - Arquitectos de tranquilidad tecnol\u00f3gica\",\"description\":\"\",\"publisher\":{\"@id\":\"https:\/\/tedra.com\/es\/#organization\"},\"potentialAction\":[{\"@type\":\"SearchAction\",\"target\":{\"@type\":\"EntryPoint\",\"urlTemplate\":\"https:\/\/tedra.com\/es\/?s={search_term_string}\"},\"query-input\":{\"@type\":\"PropertyValueSpecification\",\"valueRequired\":true,\"valueName\":\"search_term_string\"}}],\"inLanguage\":\"es\"},{\"@type\":\"Organization\",\"@id\":\"https:\/\/tedra.com\/es\/#organization\",\"name\":\"Tedra - Arquitectos de tranquilidad tecnol\u00f3gica\",\"url\":\"https:\/\/tedra.com\/es\/\",\"logo\":{\"@type\":\"ImageObject\",\"inLanguage\":\"es\",\"@id\":\"https:\/\/tedra.com\/es\/#\/schema\/logo\/image\/\",\"url\":\"https:\/\/tedra.com\/wp-content\/uploads\/2023\/03\/logotipo_tedra_retina2x_color.png\",\"contentUrl\":\"https:\/\/tedra.com\/wp-content\/uploads\/2023\/03\/logotipo_tedra_retina2x_color.png\",\"width\":1638,\"height\":406,\"caption\":\"Tedra - Arquitectos de tranquilidad tecnol\u00f3gica\"},\"image\":{\"@id\":\"https:\/\/tedra.com\/es\/#\/schema\/logo\/image\/\"},\"sameAs\":[\"https:\/\/www.facebook.com\/tedragroup\"]}]}<\/script>\n<!-- \/ Yoast SEO Premium plugin. -->","yoast_head_json":{"title":"Blog - Tedra - Arquitectos de tranquilidad tecnol\u00f3gica","robots":{"index":"index","follow":"follow","max-snippet":"max-snippet:-1","max-image-preview":"max-image-preview:large","max-video-preview":"max-video-preview:-1"},"canonical":"https:\/\/tedra.com\/es\/blog\/","og_locale":"es_ES","og_type":"article","og_title":"Blog","og_description":"El blog de Tedra Nuestro blog oficial donde hablamos de las \u00faltimas noticias, avances y curiosidades de la tecnolog\u00eda. Let\u00b4s Make I.T Happen","og_url":"https:\/\/tedra.com\/es\/blog\/","og_site_name":"Tedra - Arquitectos de tranquilidad tecnol\u00f3gica","article_publisher":"https:\/\/www.facebook.com\/tedragroup","article_modified_time":"2024-09-20T09:12:51+00:00","twitter_card":"summary_large_image","twitter_misc":{"Tiempo de lectura":"1 minuto"},"schema":{"@context":"https:\/\/schema.org","@graph":[{"@type":"WebPage","@id":"https:\/\/tedra.com\/es\/blog\/","url":"https:\/\/tedra.com\/es\/blog\/","name":"Blog - Tedra - Arquitectos de tranquilidad tecnol\u00f3gica","isPartOf":{"@id":"https:\/\/tedra.com\/es\/#website"},"datePublished":"2023-03-09T12:54:22+00:00","dateModified":"2024-09-20T09:12:51+00:00","breadcrumb":{"@id":"https:\/\/tedra.com\/es\/blog\/#breadcrumb"},"inLanguage":"es","potentialAction":[{"@type":"ReadAction","target":["https:\/\/tedra.com\/es\/blog\/"]}]},{"@type":"BreadcrumbList","@id":"https:\/\/tedra.com\/es\/blog\/#breadcrumb","itemListElement":[{"@type":"ListItem","position":1,"name":"Portada","item":"https:\/\/tedra.com\/es\/"},{"@type":"ListItem","position":2,"name":"Blog"}]},{"@type":"WebSite","@id":"https:\/\/tedra.com\/es\/#website","url":"https:\/\/tedra.com\/es\/","name":"Tedra - Arquitectos de tranquilidad tecnol\u00f3gica","description":"","publisher":{"@id":"https:\/\/tedra.com\/es\/#organization"},"potentialAction":[{"@type":"SearchAction","target":{"@type":"EntryPoint","urlTemplate":"https:\/\/tedra.com\/es\/?s={search_term_string}"},"query-input":{"@type":"PropertyValueSpecification","valueRequired":true,"valueName":"search_term_string"}}],"inLanguage":"es"},{"@type":"Organization","@id":"https:\/\/tedra.com\/es\/#organization","name":"Tedra - Arquitectos de tranquilidad tecnol\u00f3gica","url":"https:\/\/tedra.com\/es\/","logo":{"@type":"ImageObject","inLanguage":"es","@id":"https:\/\/tedra.com\/es\/#\/schema\/logo\/image\/","url":"https:\/\/tedra.com\/wp-content\/uploads\/2023\/03\/logotipo_tedra_retina2x_color.png","contentUrl":"https:\/\/tedra.com\/wp-content\/uploads\/2023\/03\/logotipo_tedra_retina2x_color.png","width":1638,"height":406,"caption":"Tedra - Arquitectos de tranquilidad tecnol\u00f3gica"},"image":{"@id":"https:\/\/tedra.com\/es\/#\/schema\/logo\/image\/"},"sameAs":["https:\/\/www.facebook.com\/tedragroup"]}]}},"_links":{"self":[{"href":"https:\/\/tedra.com\/es\/wp-json\/wp\/v2\/pages\/93","targetHints":{"allow":["GET"]}}],"collection":[{"href":"https:\/\/tedra.com\/es\/wp-json\/wp\/v2\/pages"}],"about":[{"href":"https:\/\/tedra.com\/es\/wp-json\/wp\/v2\/types\/page"}],"author":[{"embeddable":true,"href":"https:\/\/tedra.com\/es\/wp-json\/wp\/v2\/users\/1"}],"replies":[{"embeddable":true,"href":"https:\/\/tedra.com\/es\/wp-json\/wp\/v2\/comments?post=93"}],"version-history":[{"count":6,"href":"https:\/\/tedra.com\/es\/wp-json\/wp\/v2\/pages\/93\/revisions"}],"predecessor-version":[{"id":989605,"href":"https:\/\/tedra.com\/es\/wp-json\/wp\/v2\/pages\/93\/revisions\/989605"}],"wp:attachment":[{"href":"https:\/\/tedra.com\/es\/wp-json\/wp\/v2\/media?parent=93"}],"curies":[{"name":"wp","href":"https:\/\/api.w.org\/{rel}","templated":true}]}}