{"id":990639,"date":"2025-09-01T23:16:51","date_gmt":"2025-09-01T21:16:51","guid":{"rendered":"https:\/\/tedra.com\/?page_id=990639"},"modified":"2025-09-01T23:38:36","modified_gmt":"2025-09-01T21:38:36","slug":"vacantes-abiertas","status":"publish","type":"page","link":"https:\/\/tedra.com\/es\/vacantes-abiertas\/","title":{"rendered":"Talento"},"content":{"rendered":"\t\t<div data-elementor-type=\"wp-page\" data-elementor-id=\"990639\" class=\"elementor elementor-990639\" data-elementor-post-type=\"page\">\n\t\t\t\t\t\t<section class=\"elementor-section elementor-top-section elementor-element elementor-element-0cdda07 elementor-section-boxed elementor-section-height-default elementor-section-height-default\" data-id=\"0cdda07\" data-element_type=\"section\">\n\t\t\t\t\t\t<div class=\"elementor-container elementor-column-gap-default\">\n\t\t\t\t\t<div class=\"elementor-column elementor-col-100 elementor-top-column elementor-element elementor-element-f4995d9\" data-id=\"f4995d9\" data-element_type=\"column\">\n\t\t\t<div class=\"elementor-widget-wrap elementor-element-populated\">\n\t\t\t\t\t\t<div class=\"elementor-element elementor-element-3cb6718 animated-slow elementor-invisible elementor-widget elementor-widget-heading\" data-id=\"3cb6718\" data-element_type=\"widget\" data-settings=\"{&quot;_animation&quot;:&quot;fadeIn&quot;,&quot;_animation_tablet&quot;:&quot;none&quot;}\" data-widget_type=\"heading.default\">\n\t\t\t\t<div class=\"elementor-widget-container\">\n\t\t\t\t\t<h1 class=\"elementor-heading-title elementor-size-default\">Talento Tedra<\/h1>\t\t\t\t<\/div>\n\t\t\t\t<\/div>\n\t\t\t\t<div class=\"elementor-element elementor-element-522d0f3 animated-slow elementor-invisible elementor-widget elementor-widget-heading\" data-id=\"522d0f3\" data-element_type=\"widget\" data-settings=\"{&quot;_animation&quot;:&quot;fadeIn&quot;,&quot;_animation_tablet&quot;:&quot;none&quot;,&quot;_animation_delay&quot;:300}\" data-widget_type=\"heading.default\">\n\t\t\t\t<div class=\"elementor-widget-container\">\n\t\t\t\t\t<p class=\"elementor-heading-title elementor-size-default\">En Tedra tenemos un compromiso: hacer que la tecnolog\u00eda trabaje para las personas. Con nuestros equipos, con nuestros clientes y en cada soluci\u00f3n que desplegamos en cloud o en el data center. Porque sabemos que la confianza se construye en cada detalle: en la seguridad, en la disponibilidad y en la manera en que acompa\u00f1amos a las organizaciones en su evoluci\u00f3n digital.\n\nNos apasiona la innovaci\u00f3n en infraestructuras. Dise\u00f1amos entornos h\u00edbridos, flexibles y escalables que permiten crecer sin l\u00edmites. Creamos arquitecturas cloud y soluciones de data center que se adaptan a cada necesidad, optimizando recursos y garantizando continuidad de negocio. Lo hacemos como nos gustar\u00eda que lo hicieran con nosotros: con cercan\u00eda, rigor t\u00e9cnico y transparencia.\n\nY, sobre todo, creemos que un entorno tecnol\u00f3gico honesto y fiable es la base para avanzar. Por eso, m\u00e1s que proveedores, nos sentimos socios: cuidamos cada proyecto como si fuera nuestro y acompa\u00f1amos a nuestros clientes para que la tecnolog\u00eda sea una palanca real de competitividad.<\/p>\t\t\t\t<\/div>\n\t\t\t\t<\/div>\n\t\t\t\t<div class=\"elementor-element elementor-element-5723267 elementor-widget elementor-widget-spacer\" data-id=\"5723267\" data-element_type=\"widget\" data-widget_type=\"spacer.default\">\n\t\t\t\t<div class=\"elementor-widget-container\">\n\t\t\t\t\t\t\t<div class=\"elementor-spacer\">\n\t\t\t<div class=\"elementor-spacer-inner\"><\/div>\n\t\t<\/div>\n\t\t\t\t\t\t<\/div>\n\t\t\t\t<\/div>\n\t\t\t\t\t<\/div>\n\t\t<\/div>\n\t\t\t\t\t<\/div>\n\t\t<\/section>\n\t\t<div class=\"elementor-element elementor-element-081a835 e-flex e-con-boxed e-con e-parent\" data-id=\"081a835\" data-element_type=\"container\">\n\t\t\t\t\t<div class=\"e-con-inner\">\n\t\t\t\t<div class=\"elementor-element elementor-element-02ea503 elementor-widget elementor-widget-shortcode\" data-id=\"02ea503\" data-element_type=\"widget\" data-widget_type=\"shortcode.default\">\n\t\t\t\t<div class=\"elementor-widget-container\">\n\t\t\t\t\t\t\t<div class=\"elementor-shortcode\">\t<div class=\"awsm-job-wrap awsm-job-form-plugin-style\">\n\n\t\t<div class=\"awsm-filter-wrap awsm-no-search-filter-wrap\"><form action=\"https:\/\/tedra.com\/wp-admin\/admin-ajax.php\" method=\"POST\"><a href=\"#\" class=\"awsm-filter-toggle\" role=\"button\" aria-pressed=\"false\"><span class=\"awsm-filter-toggle-text-wrapper\">Filtrar por<\/span><svg width=\"100\" height=\"100\" viewBox=\"0 0 100 100\" xmlns=\"http:\/\/www.w3.org\/2000\/svg\" version=\"1.1\" preserveAspectRatio=\"xMinYMin\"><path xmlns=\"http:\/\/www.w3.org\/2000\/svg\" fill=\"rgb(9.803922%,9.803922%,9.803922%)\" d=\"M 36.417969 19.9375 L 36.417969 17.265625 C 36.417969 16.160156 35.523438 15.265625 34.417969 15.265625 L 21.578125 15.265625 C 20.476562 15.265625 19.578125 16.160156 19.578125 17.265625 L 19.578125 19.9375 L 11 19.9375 L 11 26.9375 L 19.578125 26.9375 L 19.578125 30.105469 C 19.578125 31.210938 20.476562 32.105469 21.578125 32.105469 L 34.417969 32.105469 C 35.523438 32.105469 36.417969 31.210938 36.417969 30.105469 L 36.417969 26.9375 L 89 26.9375 L 89 19.9375 Z M 58.421875 43.578125 C 58.421875 42.476562 57.527344 41.578125 56.421875 41.578125 L 43.582031 41.578125 C 42.480469 41.578125 41.582031 42.476562 41.582031 43.578125 L 41.582031 46.5 L 11 46.5 L 11 53.5 L 41.582031 53.5 L 41.582031 56.421875 C 41.582031 57.527344 42.480469 58.421875 43.582031 58.421875 L 56.421875 58.421875 C 57.527344 58.421875 58.421875 57.527344 58.421875 56.421875 L 58.421875 53.5 L 89 53.5 L 89 46.5 L 58.421875 46.5 Z M 80.417969 70.140625 C 80.417969 69.035156 79.523438 68.140625 78.417969 68.140625 L 65.578125 68.140625 C 64.476562 68.140625 63.578125 69.035156 63.578125 70.140625 L 63.578125 73.0625 L 11 73.0625 L 11 80.0625 L 63.578125 80.0625 L 63.578125 82.984375 C 63.578125 84.085938 64.476562 84.984375 65.578125 84.984375 L 78.417969 84.984375 C 79.523438 84.984375 80.417969 84.085938 80.417969 82.984375 L 80.417969 80.0625 L 89 80.0625 L 89 73.0625 L 80.417969 73.0625 Z M 80.417969 70.140625\"\/><\/svg><\/a><div class=\"awsm-filter-items\"><div class=\"awsm-filter-item\" data-filter=\"job__category_spec\"><label for=\"awsm-job-category-filter-option-1\" class=\"awsm-sr-only\">Todos Categor\u00eda del empleo<\/label><select name=\"awsm_job_spec[job-category]\" class=\"awsm-filter-option awsm-job-category-filter-option\" id=\"awsm-job-category-filter-option-1\" aria-label=\"Todos Categor\u00eda del empleo\"><option value=\"\">Todos Categor\u00eda del empleo<\/option><option value=\"90\" data-slug=\"departamento-sistemas-y-seguridad\">Departamento Sistemas y Seguridad<\/option><\/select><\/div><div class=\"awsm-filter-item\" data-filter=\"job__type_spec\"><label for=\"awsm-job-type-filter-option-1\" class=\"awsm-sr-only\">Todos Tipo de empleo<\/label><select name=\"awsm_job_spec[job-type]\" class=\"awsm-filter-option awsm-job-type-filter-option\" id=\"awsm-job-type-filter-option-1\" aria-label=\"Todos Tipo de empleo\"><option value=\"\">Todos Tipo de empleo<\/option><option value=\"85\" data-slug=\"tiempo-completo\">Tiempo completo<\/option><\/select><\/div><div class=\"awsm-filter-item\" data-filter=\"job__location_spec\"><label for=\"awsm-job-location-filter-option-1\" class=\"awsm-sr-only\">Todos Ubicaci\u00f3n del empleo<\/label><select name=\"awsm_job_spec[job-location]\" class=\"awsm-filter-option awsm-job-location-filter-option\" id=\"awsm-job-location-filter-option-1\" aria-label=\"Todos Ubicaci\u00f3n del empleo\"><option value=\"\">Todos Ubicaci\u00f3n del empleo<\/option><option value=\"84\" data-slug=\"hibrido\">H\u00edbrido<\/option><\/select><\/div><\/div><input type=\"hidden\" name=\"lang\" value=\"es\"><input type=\"hidden\" name=\"action\" value=\"jobfilter\"><\/form><\/div>\n\t\t<div class=\"awsm-job-listings awsm-row awsm-grid-col-3\" data-listings=\"10\" data-lang=\"es\">\n\t\t\t\t\t<div class=\"awsm-job-listing-item awsm-grid-item\" id=\"awsm-grid-item-990686\">\t\t<a href=\"https:\/\/tedra.com\/es\/jobs\/administrador-senior-de-sistemas-linux\/\" class=\"awsm-job-item\">\t\t\t<div class=\"awsm-grid-left-col\">\n\t\t\t\t\n\t\t\t\t\n\t\t\t\t<h2 class=\"awsm-job-post-title\">\n\t\t\t\t\tAdministrador Senior de sistemas Linux\t\t\t\t<\/h2>\n\n\t\t\t\t\t\t\t<\/div>\n\n\t\t\t<div class=\"awsm-grid-right-col\">\n\t\t\t\t<div class=\"awsm-job-specification-wrapper\"><div class=\"awsm-job-specification-item awsm-job-specification-job-category\"><span class=\"awsm-job-specification-term\">Departamento Sistemas y Seguridad<\/span> <\/div><div class=\"awsm-job-specification-item awsm-job-specification-job-location\"><span class=\"awsm-job-specification-term\">H\u00edbrido<\/span> <\/div><\/div><div class=\"awsm-job-more-container\"><span class=\"awsm-job-more\">M\u00e1s detalles <span><\/span><\/span><\/div>\t\t\t<\/div>\n\t\t<\/a>\t<\/div><div class=\"awsm-job-listing-item awsm-grid-item\" id=\"awsm-grid-item-990654\">\t\t<a href=\"https:\/\/tedra.com\/es\/jobs\/administrador-senior-de-sistemas-microsoft-365\/\" class=\"awsm-job-item\">\t\t\t<div class=\"awsm-grid-left-col\">\n\t\t\t\t\n\t\t\t\t\n\t\t\t\t<h2 class=\"awsm-job-post-title\">\n\t\t\t\t\tAdministrador senior de sistemas Microsoft 365\t\t\t\t<\/h2>\n\n\t\t\t\t\t\t\t<\/div>\n\n\t\t\t<div class=\"awsm-grid-right-col\">\n\t\t\t\t<div class=\"awsm-job-specification-wrapper\"><div class=\"awsm-job-specification-item awsm-job-specification-job-location\"><span class=\"awsm-job-specification-term\">H\u00edbrido<\/span> <\/div><\/div><div class=\"awsm-job-more-container\"><span class=\"awsm-job-more\">M\u00e1s detalles <span><\/span><\/span><\/div>\t\t\t<\/div>\n\t\t<\/a>\t<\/div>\t\t\t\t<\/div>\n\t<\/div>\n<\/div>\n\t\t\t\t\t\t<\/div>\n\t\t\t\t<\/div>\n\t\t\t\t\t<\/div>\n\t\t\t\t<\/div>\n\t\t\t\t<\/div>\n\t\t","protected":false},"excerpt":{"rendered":"<p>Talento Tedra En Tedra tenemos un compromiso: hacer que la tecnolog\u00eda trabaje para las personas. Con nuestros equipos, con nuestros clientes y en cada soluci\u00f3n que desplegamos en cloud o en el data center. Porque sabemos que la confianza se construye en cada detalle: en la seguridad, en la disponibilidad y en la manera en&#8230;<\/p>\n","protected":false},"author":1,"featured_media":0,"parent":0,"menu_order":0,"comment_status":"closed","ping_status":"closed","template":"","meta":{"_monsterinsights_skip_tracking":false,"_monsterinsights_sitenote_active":false,"_monsterinsights_sitenote_note":"","_monsterinsights_sitenote_category":0,"footnotes":""},"class_list":["post-990639","page","type-page","status-publish","hentry"],"yoast_head":"<!-- This site is optimized with the Yoast SEO Premium plugin v25.9 (Yoast SEO v25.9) - https:\/\/yoast.com\/wordpress\/plugins\/seo\/ -->\n<title>Talento - Tedra - Arquitectos de tranquilidad tecnol\u00f3gica<\/title>\n<meta name=\"robots\" content=\"index, follow, max-snippet:-1, max-image-preview:large, max-video-preview:-1\" \/>\n<link rel=\"canonical\" href=\"https:\/\/tedra.com\/es\/vacantes-abiertas\/\" \/>\n<meta property=\"og:locale\" content=\"es_ES\" \/>\n<meta property=\"og:type\" content=\"article\" \/>\n<meta property=\"og:title\" content=\"Talento\" \/>\n<meta property=\"og:description\" content=\"Talento Tedra En Tedra tenemos un compromiso: hacer que la tecnolog\u00eda trabaje para las personas. Con nuestros equipos, con nuestros clientes y en cada soluci\u00f3n que desplegamos en cloud o en el data center. Porque sabemos que la confianza se construye en cada detalle: en la seguridad, en la disponibilidad y en la manera en...\" \/>\n<meta property=\"og:url\" content=\"https:\/\/tedra.com\/es\/vacantes-abiertas\/\" \/>\n<meta property=\"og:site_name\" content=\"Tedra - Arquitectos de tranquilidad tecnol\u00f3gica\" \/>\n<meta property=\"article:publisher\" content=\"https:\/\/www.facebook.com\/tedragroup\" \/>\n<meta property=\"article:modified_time\" content=\"2025-09-01T21:38:36+00:00\" \/>\n<meta name=\"twitter:card\" content=\"summary_large_image\" \/>\n<meta name=\"twitter:label1\" content=\"Tiempo de lectura\" \/>\n\t<meta name=\"twitter:data1\" content=\"1 minuto\" \/>\n<script type=\"application\/ld+json\" class=\"yoast-schema-graph\">{\"@context\":\"https:\/\/schema.org\",\"@graph\":[{\"@type\":\"WebPage\",\"@id\":\"https:\/\/tedra.com\/es\/vacantes-abiertas\/\",\"url\":\"https:\/\/tedra.com\/es\/vacantes-abiertas\/\",\"name\":\"Talento - Tedra - Arquitectos de tranquilidad tecnol\u00f3gica\",\"isPartOf\":{\"@id\":\"https:\/\/tedra.com\/es\/#website\"},\"datePublished\":\"2025-09-01T21:16:51+00:00\",\"dateModified\":\"2025-09-01T21:38:36+00:00\",\"breadcrumb\":{\"@id\":\"https:\/\/tedra.com\/es\/vacantes-abiertas\/#breadcrumb\"},\"inLanguage\":\"es\",\"potentialAction\":[{\"@type\":\"ReadAction\",\"target\":[\"https:\/\/tedra.com\/es\/vacantes-abiertas\/\"]}]},{\"@type\":\"BreadcrumbList\",\"@id\":\"https:\/\/tedra.com\/es\/vacantes-abiertas\/#breadcrumb\",\"itemListElement\":[{\"@type\":\"ListItem\",\"position\":1,\"name\":\"Portada\",\"item\":\"https:\/\/tedra.com\/es\/\"},{\"@type\":\"ListItem\",\"position\":2,\"name\":\"Talento\"}]},{\"@type\":\"WebSite\",\"@id\":\"https:\/\/tedra.com\/es\/#website\",\"url\":\"https:\/\/tedra.com\/es\/\",\"name\":\"Tedra - Arquitectos de tranquilidad tecnol\u00f3gica\",\"description\":\"\",\"publisher\":{\"@id\":\"https:\/\/tedra.com\/es\/#organization\"},\"potentialAction\":[{\"@type\":\"SearchAction\",\"target\":{\"@type\":\"EntryPoint\",\"urlTemplate\":\"https:\/\/tedra.com\/es\/?s={search_term_string}\"},\"query-input\":{\"@type\":\"PropertyValueSpecification\",\"valueRequired\":true,\"valueName\":\"search_term_string\"}}],\"inLanguage\":\"es\"},{\"@type\":\"Organization\",\"@id\":\"https:\/\/tedra.com\/es\/#organization\",\"name\":\"Tedra - Arquitectos de tranquilidad tecnol\u00f3gica\",\"url\":\"https:\/\/tedra.com\/es\/\",\"logo\":{\"@type\":\"ImageObject\",\"inLanguage\":\"es\",\"@id\":\"https:\/\/tedra.com\/es\/#\/schema\/logo\/image\/\",\"url\":\"https:\/\/tedra.com\/wp-content\/uploads\/2023\/03\/logotipo_tedra_retina2x_color.png\",\"contentUrl\":\"https:\/\/tedra.com\/wp-content\/uploads\/2023\/03\/logotipo_tedra_retina2x_color.png\",\"width\":1638,\"height\":406,\"caption\":\"Tedra - Arquitectos de tranquilidad tecnol\u00f3gica\"},\"image\":{\"@id\":\"https:\/\/tedra.com\/es\/#\/schema\/logo\/image\/\"},\"sameAs\":[\"https:\/\/www.facebook.com\/tedragroup\"]}]}<\/script>\n<!-- \/ Yoast SEO Premium plugin. -->","yoast_head_json":{"title":"Talento - Tedra - Arquitectos de tranquilidad tecnol\u00f3gica","robots":{"index":"index","follow":"follow","max-snippet":"max-snippet:-1","max-image-preview":"max-image-preview:large","max-video-preview":"max-video-preview:-1"},"canonical":"https:\/\/tedra.com\/es\/vacantes-abiertas\/","og_locale":"es_ES","og_type":"article","og_title":"Talento","og_description":"Talento Tedra En Tedra tenemos un compromiso: hacer que la tecnolog\u00eda trabaje para las personas. Con nuestros equipos, con nuestros clientes y en cada soluci\u00f3n que desplegamos en cloud o en el data center. Porque sabemos que la confianza se construye en cada detalle: en la seguridad, en la disponibilidad y en la manera en...","og_url":"https:\/\/tedra.com\/es\/vacantes-abiertas\/","og_site_name":"Tedra - Arquitectos de tranquilidad tecnol\u00f3gica","article_publisher":"https:\/\/www.facebook.com\/tedragroup","article_modified_time":"2025-09-01T21:38:36+00:00","twitter_card":"summary_large_image","twitter_misc":{"Tiempo de lectura":"1 minuto"},"schema":{"@context":"https:\/\/schema.org","@graph":[{"@type":"WebPage","@id":"https:\/\/tedra.com\/es\/vacantes-abiertas\/","url":"https:\/\/tedra.com\/es\/vacantes-abiertas\/","name":"Talento - Tedra - Arquitectos de tranquilidad tecnol\u00f3gica","isPartOf":{"@id":"https:\/\/tedra.com\/es\/#website"},"datePublished":"2025-09-01T21:16:51+00:00","dateModified":"2025-09-01T21:38:36+00:00","breadcrumb":{"@id":"https:\/\/tedra.com\/es\/vacantes-abiertas\/#breadcrumb"},"inLanguage":"es","potentialAction":[{"@type":"ReadAction","target":["https:\/\/tedra.com\/es\/vacantes-abiertas\/"]}]},{"@type":"BreadcrumbList","@id":"https:\/\/tedra.com\/es\/vacantes-abiertas\/#breadcrumb","itemListElement":[{"@type":"ListItem","position":1,"name":"Portada","item":"https:\/\/tedra.com\/es\/"},{"@type":"ListItem","position":2,"name":"Talento"}]},{"@type":"WebSite","@id":"https:\/\/tedra.com\/es\/#website","url":"https:\/\/tedra.com\/es\/","name":"Tedra - Arquitectos de tranquilidad tecnol\u00f3gica","description":"","publisher":{"@id":"https:\/\/tedra.com\/es\/#organization"},"potentialAction":[{"@type":"SearchAction","target":{"@type":"EntryPoint","urlTemplate":"https:\/\/tedra.com\/es\/?s={search_term_string}"},"query-input":{"@type":"PropertyValueSpecification","valueRequired":true,"valueName":"search_term_string"}}],"inLanguage":"es"},{"@type":"Organization","@id":"https:\/\/tedra.com\/es\/#organization","name":"Tedra - Arquitectos de tranquilidad tecnol\u00f3gica","url":"https:\/\/tedra.com\/es\/","logo":{"@type":"ImageObject","inLanguage":"es","@id":"https:\/\/tedra.com\/es\/#\/schema\/logo\/image\/","url":"https:\/\/tedra.com\/wp-content\/uploads\/2023\/03\/logotipo_tedra_retina2x_color.png","contentUrl":"https:\/\/tedra.com\/wp-content\/uploads\/2023\/03\/logotipo_tedra_retina2x_color.png","width":1638,"height":406,"caption":"Tedra - Arquitectos de tranquilidad tecnol\u00f3gica"},"image":{"@id":"https:\/\/tedra.com\/es\/#\/schema\/logo\/image\/"},"sameAs":["https:\/\/www.facebook.com\/tedragroup"]}]}},"_links":{"self":[{"href":"https:\/\/tedra.com\/es\/wp-json\/wp\/v2\/pages\/990639","targetHints":{"allow":["GET"]}}],"collection":[{"href":"https:\/\/tedra.com\/es\/wp-json\/wp\/v2\/pages"}],"about":[{"href":"https:\/\/tedra.com\/es\/wp-json\/wp\/v2\/types\/page"}],"author":[{"embeddable":true,"href":"https:\/\/tedra.com\/es\/wp-json\/wp\/v2\/users\/1"}],"replies":[{"embeddable":true,"href":"https:\/\/tedra.com\/es\/wp-json\/wp\/v2\/comments?post=990639"}],"version-history":[{"count":16,"href":"https:\/\/tedra.com\/es\/wp-json\/wp\/v2\/pages\/990639\/revisions"}],"predecessor-version":[{"id":990657,"href":"https:\/\/tedra.com\/es\/wp-json\/wp\/v2\/pages\/990639\/revisions\/990657"}],"wp:attachment":[{"href":"https:\/\/tedra.com\/es\/wp-json\/wp\/v2\/media?parent=990639"}],"curies":[{"name":"wp","href":"https:\/\/api.w.org\/{rel}","templated":true}]}}